{"id":9,"date":"2018-12-01T20:54:41","date_gmt":"2018-12-01T20:54:41","guid":{"rendered":"http:\/\/thecrossmedia.org\/?page_id=9"},"modified":"2025-02-17T19:53:56","modified_gmt":"2025-02-17T19:53:56","slug":"acerca-de","status":"publish","type":"page","link":"https:\/\/thecrossmedia.org\/?page_id=9","title":{"rendered":"Acerca de"},"content":{"rendered":"<p><strong>TheCrossMedia Consulting Group<\/strong> nace a partir de la necesidad identificada en las organizaciones sin fines de lucro y de desarrollo comunitario, quienes enfrentan grandes desaf\u00edos para el manejo efectivo de su marca, su imagen, su mensaje y sus proyectos.<\/p>\n<p>Contamos con un equipo multidisciplinario compuesto por expertos en publicidad, dise\u00f1o gr\u00e1fico, marketing social, redacci\u00f3n especializada, derechoa humanos, derecho internacional humanitario, gesti\u00f3n e implementaci\u00f3n de alianzas estrat\u00e9gicas, articulaci\u00f3n multisectorial, fortalecimiento institucional,\u00a0 metodolog\u00eda de la ense\u00f1anza, gesti\u00f3n de proyectos sociales y comunicaci\u00f3n para el desarrollo.<\/p>\n<p>Ponemos a su disposici\u00f3n m\u00e1s de 15 a\u00f1os de experiencia en el sector, con decenas de proyectos realizados y clientes satisfechos.<\/p>\n<p>Cuente con nosotros.\u00a0 Tenemos la pieza que falta.<\/p>\n\n\n<div class=\"wp-block-group is-layout-grid wp-container-core-group-is-layout-1 wp-block-group-is-layout-grid\">\n<figure class=\"wp-block-image size-large wp-container-content-1\"><img loading=\"lazy\" decoding=\"async\" width=\"1024\" height=\"640\" src=\"https:\/\/thecrossmedia.org\/wp-content\/uploads\/2025\/02\/Habitat-For-Humanity-Logo-1024x640.jpg\" alt=\"\" class=\"wp-image-268\" srcset=\"https:\/\/thecrossmedia.org\/wp-content\/uploads\/2025\/02\/Habitat-For-Humanity-Logo-1024x640.jpg 1024w, https:\/\/thecrossmedia.org\/wp-content\/uploads\/2025\/02\/Habitat-For-Humanity-Logo-300x188.jpg 300w, https:\/\/thecrossmedia.org\/wp-content\/uploads\/2025\/02\/Habitat-For-Humanity-Logo-768x480.jpg 768w, https:\/\/thecrossmedia.org\/wp-content\/uploads\/2025\/02\/Habitat-For-Humanity-Logo-1536x960.jpg 1536w, https:\/\/thecrossmedia.org\/wp-content\/uploads\/2025\/02\/Habitat-For-Humanity-Logo-2048x1280.jpg 2048w\" sizes=\"auto, (max-width: 767px) 89vw, (max-width: 1000px) 54vw, (max-width: 1071px) 543px, 580px\" \/><\/figure>\n\n\n\n<figure class=\"wp-block-image size-full\"><img loading=\"lazy\" decoding=\"async\" width=\"912\" height=\"450\" src=\"https:\/\/thecrossmedia.org\/wp-content\/uploads\/2025\/02\/STC-logo-1.png\" alt=\"\" class=\"wp-image-280\" srcset=\"https:\/\/thecrossmedia.org\/wp-content\/uploads\/2025\/02\/STC-logo-1.png 912w, https:\/\/thecrossmedia.org\/wp-content\/uploads\/2025\/02\/STC-logo-1-300x148.png 300w, https:\/\/thecrossmedia.org\/wp-content\/uploads\/2025\/02\/STC-logo-1-768x379.png 768w\" sizes=\"auto, (max-width: 767px) 89vw, (max-width: 1000px) 54vw, (max-width: 1071px) 543px, 580px\" \/><\/figure>\n\n\n\n<figure class=\"wp-block-image size-full wp-container-content-2\"><img loading=\"lazy\" decoding=\"async\" width=\"900\" height=\"500\" src=\"https:\/\/thecrossmedia.org\/wp-content\/uploads\/2025\/02\/world-vision-vector-logo.png\" alt=\"\" class=\"wp-image-279\" srcset=\"https:\/\/thecrossmedia.org\/wp-content\/uploads\/2025\/02\/world-vision-vector-logo.png 900w, https:\/\/thecrossmedia.org\/wp-content\/uploads\/2025\/02\/world-vision-vector-logo-300x167.png 300w, https:\/\/thecrossmedia.org\/wp-content\/uploads\/2025\/02\/world-vision-vector-logo-768x427.png 768w\" sizes=\"auto, (max-width: 767px) 89vw, (max-width: 1000px) 54vw, (max-width: 1071px) 543px, 580px\" \/><\/figure>\n\n\n\n<figure class=\"wp-block-image size-full\"><img loading=\"lazy\" decoding=\"async\" width=\"430\" height=\"117\" src=\"https:\/\/thecrossmedia.org\/wp-content\/uploads\/2025\/02\/Logo-Uniremhos.png\" alt=\"\" class=\"wp-image-271\" srcset=\"https:\/\/thecrossmedia.org\/wp-content\/uploads\/2025\/02\/Logo-Uniremhos.png 430w, https:\/\/thecrossmedia.org\/wp-content\/uploads\/2025\/02\/Logo-Uniremhos-300x82.png 300w\" sizes=\"auto, (max-width: 430px) 100vw, 430px\" \/><\/figure>\n\n\n\n<figure class=\"wp-block-image size-full\"><img loading=\"lazy\" decoding=\"async\" width=\"435\" height=\"192\" src=\"https:\/\/thecrossmedia.org\/wp-content\/uploads\/2025\/02\/Plan-Logo-2.png\" alt=\"\" class=\"wp-image-278\" srcset=\"https:\/\/thecrossmedia.org\/wp-content\/uploads\/2025\/02\/Plan-Logo-2.png 435w, https:\/\/thecrossmedia.org\/wp-content\/uploads\/2025\/02\/Plan-Logo-2-300x132.png 300w\" sizes=\"auto, (max-width: 435px) 100vw, 435px\" \/><\/figure>\n\n\n\n<figure class=\"wp-block-image size-large\"><img loading=\"lazy\" decoding=\"async\" width=\"1024\" height=\"279\" src=\"https:\/\/thecrossmedia.org\/wp-content\/uploads\/2025\/02\/cropped-cropped-LOGO-ECLOF_Mesa-de-trabajo-1-1024x279.png\" alt=\"\" class=\"wp-image-273\" srcset=\"https:\/\/thecrossmedia.org\/wp-content\/uploads\/2025\/02\/cropped-cropped-LOGO-ECLOF_Mesa-de-trabajo-1-1024x279.png 1024w, https:\/\/thecrossmedia.org\/wp-content\/uploads\/2025\/02\/cropped-cropped-LOGO-ECLOF_Mesa-de-trabajo-1-300x82.png 300w, https:\/\/thecrossmedia.org\/wp-content\/uploads\/2025\/02\/cropped-cropped-LOGO-ECLOF_Mesa-de-trabajo-1-768x209.png 768w, https:\/\/thecrossmedia.org\/wp-content\/uploads\/2025\/02\/cropped-cropped-LOGO-ECLOF_Mesa-de-trabajo-1-1536x419.png 1536w, https:\/\/thecrossmedia.org\/wp-content\/uploads\/2025\/02\/cropped-cropped-LOGO-ECLOF_Mesa-de-trabajo-1-2048x559.png 2048w\" sizes=\"auto, (max-width: 767px) 89vw, (max-width: 1000px) 54vw, (max-width: 1071px) 543px, 580px\" \/><\/figure>\n<\/div>\n","protected":false},"excerpt":{"rendered":"<p>TheCrossMedia Consulting Group nace a partir de la necesidad identificada en las organizaciones sin fines de lucro y de desarrollo comunitario, quienes enfrentan grandes desaf\u00edos para el manejo efectivo de su marca, su imagen, su mensaje y sus proyectos. Contamos con un equipo multidisciplinario compuesto por expertos en publicidad, dise\u00f1o gr\u00e1fico, marketing social, redacci\u00f3n especializada, &hellip; <\/p>\n<p class=\"link-more\"><a href=\"https:\/\/thecrossmedia.org\/?page_id=9\" class=\"more-link\">Continue reading<span class=\"screen-reader-text\"> &#8220;Acerca de&#8221;<\/span><\/a><\/p>\n","protected":false},"author":1,"featured_media":117,"parent":0,"menu_order":0,"comment_status":"closed","ping_status":"closed","template":"","meta":{"footnotes":""},"class_list":["post-9","page","type-page","status-publish","has-post-thumbnail","hentry"],"_links":{"self":[{"href":"https:\/\/thecrossmedia.org\/index.php?rest_route=\/wp\/v2\/pages\/9","targetHints":{"allow":["GET"]}}],"collection":[{"href":"https:\/\/thecrossmedia.org\/index.php?rest_route=\/wp\/v2\/pages"}],"about":[{"href":"https:\/\/thecrossmedia.org\/index.php?rest_route=\/wp\/v2\/types\/page"}],"author":[{"embeddable":true,"href":"https:\/\/thecrossmedia.org\/index.php?rest_route=\/wp\/v2\/users\/1"}],"replies":[{"embeddable":true,"href":"https:\/\/thecrossmedia.org\/index.php?rest_route=%2Fwp%2Fv2%2Fcomments&post=9"}],"version-history":[{"count":8,"href":"https:\/\/thecrossmedia.org\/index.php?rest_route=\/wp\/v2\/pages\/9\/revisions"}],"predecessor-version":[{"id":281,"href":"https:\/\/thecrossmedia.org\/index.php?rest_route=\/wp\/v2\/pages\/9\/revisions\/281"}],"wp:featuredmedia":[{"embeddable":true,"href":"https:\/\/thecrossmedia.org\/index.php?rest_route=\/wp\/v2\/media\/117"}],"wp:attachment":[{"href":"https:\/\/thecrossmedia.org\/index.php?rest_route=%2Fwp%2Fv2%2Fmedia&parent=9"}],"curies":[{"name":"wp","href":"https:\/\/api.w.org\/{rel}","templated":true}]}}