{"id":8,"date":"2018-12-01T20:54:41","date_gmt":"2018-12-01T20:54:41","guid":{"rendered":"http:\/\/thecrossmedia.org\/?page_id=8"},"modified":"2025-02-17T19:35:05","modified_gmt":"2025-02-17T19:35:05","slug":"inicio","status":"publish","type":"page","link":"https:\/\/thecrossmedia.org\/","title":{"rendered":"Comunicaci\u00f3n para el Desarrollo, Fortalecimiento Institucional, Derechos Humanos &amp; Gesti\u00f3n de Proyectos Sociales"},"content":{"rendered":"<p>Somos <strong>TheCrossMedia Consulting.<\/strong> Aqu\u00ed convergen la creatividad, el manejo exigente del idioma y un gran conocimiento del p\u00fablico meta, con la finalidad de hacer de su proyecto el mejor posible.<br \/>Somos sus aliados para el dise\u00f1o integral de su estrategia de\u00a0 comunicaci\u00f3n para el desarrollo, iniciativas orientadas a la promoci\u00f3n y salvaguarda de los derechos humanos, el fortalecimiento institucional y gesti\u00f3n de proyectos sociales.<\/p>\n\n\n<hr class=\"wp-block-separator has-css-opacity is-style-wide\"\/>\n\n\n\n<div class=\"wp-block-media-text alignwide\" style=\"grid-template-columns:45% auto\"><figure class=\"wp-block-media-text__media\"><img loading=\"lazy\" decoding=\"async\" width=\"1024\" height=\"629\" src=\"http:\/\/thecrossmedia.org\/wp-content\/uploads\/2019\/04\/Multimedios-1-1024x629.jpg\" alt=\"\" class=\"wp-image-97 size-full\" srcset=\"https:\/\/thecrossmedia.org\/wp-content\/uploads\/2019\/04\/Multimedios-1-1024x629.jpg 1024w, https:\/\/thecrossmedia.org\/wp-content\/uploads\/2019\/04\/Multimedios-1-300x184.jpg 300w, https:\/\/thecrossmedia.org\/wp-content\/uploads\/2019\/04\/Multimedios-1-768x472.jpg 768w, https:\/\/thecrossmedia.org\/wp-content\/uploads\/2019\/04\/Multimedios-1.jpg 1140w\" sizes=\"auto, (max-width: 767px) 89vw, (max-width: 1000px) 54vw, (max-width: 1071px) 543px, 580px\" \/><\/figure><div class=\"wp-block-media-text__content\">\n<p class=\"has-text-align-left\"><strong>COMUNICACI\u00d3N PARA EL DESARROLLO<\/strong><\/p>\n<\/div><\/div>\n\n\n\n<p>En el pasado, las plataformas de difusi\u00f3n del mensaje corporativo estaban limitadas a tres medios, que por casi un siglo fueron las \u00fanicas v\u00edas de comunicaci\u00f3n con el p\u00fablico meta: Radio, Prensa Escrita y Televisi\u00f3n.<br><br>Hoy todo ha cambiado. Los canales de comunicaci\u00f3n con los p\u00fablicos internos y externos de las organizaciones y entidades de las diversas industrias que convergen en el universo mercantil y del sector desarrollo comunitario son tan variados como formas de pensar, gustos y preferencias de su audiencia objetivo o nicho del mercado al que dirigen sus bienes y servicios.<br><br>Para llegar con efectividad a su p\u00fablico meta, es necesario contar con la estrategia correcta y los canales indicados, de tal manera que sus objetivos de ventas o de transformaci\u00f3n del comportamiento sean cumplidos a cabalidad.<br><br>Para eso estamos aqu\u00ed. Perm\u00edtanos ser su aliado estrat\u00e9gico para que su mensaje llegue, impacte y transforme.<\/p>\n\n\n\n<hr class=\"wp-block-separator has-css-opacity is-style-wide\"\/>\n\n\n\n<div class=\"wp-block-media-text alignwide\" style=\"grid-template-columns:45% auto\"><figure class=\"wp-block-media-text__media\"><img loading=\"lazy\" decoding=\"async\" width=\"750\" height=\"450\" src=\"https:\/\/thecrossmedia.org\/wp-content\/uploads\/2025\/02\/Dia-de-los-Derechos-Humanos.png\" alt=\"\" class=\"wp-image-265 size-full\" srcset=\"https:\/\/thecrossmedia.org\/wp-content\/uploads\/2025\/02\/Dia-de-los-Derechos-Humanos.png 750w, https:\/\/thecrossmedia.org\/wp-content\/uploads\/2025\/02\/Dia-de-los-Derechos-Humanos-300x180.png 300w\" sizes=\"auto, (max-width: 706px) 89vw, (max-width: 767px) 82vw, 740px\" \/><\/figure><div class=\"wp-block-media-text__content\">\n<p class=\"has-text-align-left\"><strong>DERECHOS HUMANOS, ARTICULACI\u00d3N MULTISECTORIAL Y FORTALECIMIENTO INSTITUCIONAL<\/strong><\/p>\n<\/div><\/div>\n\n\n\n<p>En el complejo panorama actual, la promoci\u00f3n y salvaguarda de los derechos humanos y fundamentales para poblaciones vulnerables requiere m\u00e1s que buenas intenciones; demanda estrategias s\u00f3lidas, acciones colectivas bien articuladas y la capacidad de incidir de manera efectiva en la agenda p\u00fablica.<\/p>\n\n\n\n<p>Las iniciativas aisladas han dado paso a esfuerzos coordinados que integran incidencia pol\u00edtica, articulaci\u00f3n multisectorial y alianzas estrat\u00e9gicas como pilares fundamentales para lograr cambios sostenibles. En <strong>The Cross Media Consulting<\/strong>, brindamos consultor\u00eda, asesor\u00eda especializada, asistencia t\u00e9cnica y acompa\u00f1amiento para el fortalecimiento institucional de organizaciones de la sociedad civil y entidades gubernamentales, contribuyendo a la consolidaci\u00f3n de democracias m\u00e1s s\u00f3lidas y sistemas de gobernabilidad m\u00e1s inclusivos.<\/p>\n\n\n\n<p>El \u00e9xito de estos procesos radica en dise\u00f1ar y ejecutar estrategias basadas en evidencia, con un enfoque integral que combine comunicaci\u00f3n efectiva, movilizaci\u00f3n social y mecanismos de di\u00e1logo con actores clave. Nuestra misi\u00f3n es convertir las aspiraciones de cambio en acciones concretas, ayudando a nuestros clientes a construir capacidades, estructurar narrativas de alto impacto y establecer alianzas que potencien su alcance e influencia.<\/p>\n\n\n\n<p>Hagamos que cada esfuerzo cuente. Juntos, podemos transformar realidades y garantizar que los derechos humanos sean m\u00e1s que un ideal: una pr\u00e1ctica cotidiana para todos.<\/p>\n\n\n\n<hr class=\"wp-block-separator has-css-opacity is-style-wide\"\/>\n\n\n\n<div class=\"wp-block-media-text alignwide\" style=\"grid-template-columns:47% auto\"><figure class=\"wp-block-media-text__media\"><img loading=\"lazy\" decoding=\"async\" width=\"497\" height=\"315\" src=\"http:\/\/thecrossmedia.org\/wp-content\/uploads\/2019\/04\/Gerencia-de-Proyectos.jpg\" alt=\"\" class=\"wp-image-102 size-full\" srcset=\"https:\/\/thecrossmedia.org\/wp-content\/uploads\/2019\/04\/Gerencia-de-Proyectos.jpg 497w, https:\/\/thecrossmedia.org\/wp-content\/uploads\/2019\/04\/Gerencia-de-Proyectos-300x190.jpg 300w\" sizes=\"auto, (max-width: 497px) 100vw, 497px\" \/><\/figure><div class=\"wp-block-media-text__content\">\n<p><strong>GESTI\u00d3N DE PROYECTOS SOCIALES<\/strong><\/p>\n<\/div><\/div>\n\n\n\n<p>Desde la  hoja conceptual, el dise\u00f1o y el acta de constituci\u00f3n, pasando por la estrategia de comunicaci\u00f3n,  la estructura detallada de tareas,  la estructura de costos, la ejecuci\u00f3n presupuestaria,  hasta la entrega del reporte final, y las herramientas de monitoreo y evaluaci\u00f3n, todo proyecto necesita ser manejado con efectividad, flexibilidad y \u00e1gilmente.<br><br>Contamos con amplia experiencia en dise\u00f1o y ejecuci\u00f3n de proyectos de desarrollo, tanto con financiamiento privado como de organismos de cooperaci\u00f3n internacional, con altos niveles de cumplimiento de los est\u00e1ndares y exigencias, tanto de parte de los socios implementadores como de los financiadores.<br><br>\u00bfTiene un proyecto y necesita de una gerencia efectiva orientada a resultados? \u00bfDesea aplicar para una convocatoria de organismos de cooperaci\u00f3n internacional, y necesita producir la redacci\u00f3n especializada que aumente significativamente sus posibilidades frente al organismo que convoca?<br><br>Hable con nosotros&#8230; Somos sus consultores en dise\u00f1o e implementaci\u00f3n de estrategias de comunicaci\u00f3n para el desarrollo, y gesti\u00f3n de proyectos sociales para organizaciones sin fines de lucro y de la sociedad civil. No se arrepentir\u00e1.<\/p>\n","protected":false},"excerpt":{"rendered":"<p>Somos TheCrossMedia Consulting. Aqu\u00ed convergen la creatividad, el manejo exigente del idioma y un gran conocimiento del p\u00fablico meta, con la finalidad de hacer de su proyecto el mejor posible.Somos sus aliados para el dise\u00f1o integral de su estrategia de\u00a0 comunicaci\u00f3n para el desarrollo, iniciativas orientadas a la promoci\u00f3n y salvaguarda de los derechos humanos, &hellip; <\/p>\n<p class=\"link-more\"><a href=\"https:\/\/thecrossmedia.org\/\" class=\"more-link\">Continue reading<span class=\"screen-reader-text\"> &#8220;Comunicaci\u00f3n para el Desarrollo, Fortalecimiento Institucional, Derechos Humanos &amp; Gesti\u00f3n de Proyectos Sociales&#8221;<\/span><\/a><\/p>\n","protected":false},"author":1,"featured_media":14,"parent":0,"menu_order":0,"comment_status":"closed","ping_status":"closed","template":"","meta":{"footnotes":""},"class_list":["post-8","page","type-page","status-publish","has-post-thumbnail","hentry"],"_links":{"self":[{"href":"https:\/\/thecrossmedia.org\/index.php?rest_route=\/wp\/v2\/pages\/8","targetHints":{"allow":["GET"]}}],"collection":[{"href":"https:\/\/thecrossmedia.org\/index.php?rest_route=\/wp\/v2\/pages"}],"about":[{"href":"https:\/\/thecrossmedia.org\/index.php?rest_route=\/wp\/v2\/types\/page"}],"author":[{"embeddable":true,"href":"https:\/\/thecrossmedia.org\/index.php?rest_route=\/wp\/v2\/users\/1"}],"replies":[{"embeddable":true,"href":"https:\/\/thecrossmedia.org\/index.php?rest_route=%2Fwp%2Fv2%2Fcomments&post=8"}],"version-history":[{"count":29,"href":"https:\/\/thecrossmedia.org\/index.php?rest_route=\/wp\/v2\/pages\/8\/revisions"}],"predecessor-version":[{"id":266,"href":"https:\/\/thecrossmedia.org\/index.php?rest_route=\/wp\/v2\/pages\/8\/revisions\/266"}],"wp:featuredmedia":[{"embeddable":true,"href":"https:\/\/thecrossmedia.org\/index.php?rest_route=\/wp\/v2\/media\/14"}],"wp:attachment":[{"href":"https:\/\/thecrossmedia.org\/index.php?rest_route=%2Fwp%2Fv2%2Fmedia&parent=8"}],"curies":[{"name":"wp","href":"https:\/\/api.w.org\/{rel}","templated":true}]}}