{"id":240,"date":"2025-02-17T01:46:39","date_gmt":"2025-02-17T01:46:39","guid":{"rendered":"https:\/\/thecrossmedia.org\/?page_id=240"},"modified":"2025-02-17T12:46:32","modified_gmt":"2025-02-17T12:46:32","slug":"nuestro-equipo","status":"publish","type":"page","link":"https:\/\/thecrossmedia.org\/?page_id=240","title":{"rendered":"Nuestro equipo"},"content":{"rendered":"\n<div class=\"wp-block-group is-layout-grid wp-container-core-group-is-layout-6 wp-block-group-is-layout-grid\">\n<div class=\"wp-block-group is-vertical is-layout-flex wp-container-core-group-is-layout-1 wp-block-group-is-layout-flex\">\n<figure class=\"wp-block-image size-full\"><img loading=\"lazy\" decoding=\"async\" width=\"836\" height=\"836\" src=\"https:\/\/thecrossmedia.org\/wp-content\/uploads\/2025\/02\/Mi-foto-de-perfil-para-2025_v3.jpg\" alt=\"\" class=\"wp-image-242\" srcset=\"https:\/\/thecrossmedia.org\/wp-content\/uploads\/2025\/02\/Mi-foto-de-perfil-para-2025_v3.jpg 836w, https:\/\/thecrossmedia.org\/wp-content\/uploads\/2025\/02\/Mi-foto-de-perfil-para-2025_v3-300x300.jpg 300w, https:\/\/thecrossmedia.org\/wp-content\/uploads\/2025\/02\/Mi-foto-de-perfil-para-2025_v3-150x150.jpg 150w, https:\/\/thecrossmedia.org\/wp-content\/uploads\/2025\/02\/Mi-foto-de-perfil-para-2025_v3-768x768.jpg 768w, https:\/\/thecrossmedia.org\/wp-content\/uploads\/2025\/02\/Mi-foto-de-perfil-para-2025_v3-100x100.jpg 100w\" sizes=\"auto, (max-width: 767px) 89vw, (max-width: 1000px) 54vw, (max-width: 1071px) 543px, 580px\" \/><\/figure>\n\n\n\n<p><strong>Johnny M. Bid\u00f3 de los Santos<\/strong><br><strong>Gerente General<\/strong> <strong>Especialista en C4D y DDHH<\/strong><br><\/p>\n\n\n\n<p>M\u00e1s de 25 a\u00f1os de experiencia profesional. Es un estratega en comunicaci\u00f3n para el desarrollo, gerencia publicitaria, derechos humanos, derecho internacional humanitario, gesti\u00f3n de proyectos sociales, protecci\u00f3n de la ni\u00f1ez y adolescencia, articulaci\u00f3n multisectorial e incidencia en pol\u00edticas p\u00fablicas.<\/p>\n\n\n\n<p><\/p>\n<\/div>\n\n\n\n<div class=\"wp-block-group is-vertical is-layout-flex wp-container-core-group-is-layout-2 wp-block-group-is-layout-flex\">\n<figure class=\"wp-block-image size-full\"><img loading=\"lazy\" decoding=\"async\" width=\"836\" height=\"836\" src=\"https:\/\/thecrossmedia.org\/wp-content\/uploads\/2025\/02\/Dario-Cropped.jpg\" alt=\"\" class=\"wp-image-243\" srcset=\"https:\/\/thecrossmedia.org\/wp-content\/uploads\/2025\/02\/Dario-Cropped.jpg 836w, https:\/\/thecrossmedia.org\/wp-content\/uploads\/2025\/02\/Dario-Cropped-300x300.jpg 300w, https:\/\/thecrossmedia.org\/wp-content\/uploads\/2025\/02\/Dario-Cropped-150x150.jpg 150w, https:\/\/thecrossmedia.org\/wp-content\/uploads\/2025\/02\/Dario-Cropped-768x768.jpg 768w, https:\/\/thecrossmedia.org\/wp-content\/uploads\/2025\/02\/Dario-Cropped-100x100.jpg 100w\" sizes=\"auto, (max-width: 767px) 89vw, (max-width: 1000px) 54vw, (max-width: 1071px) 543px, 580px\" \/><\/figure>\n\n\n\n<p><strong>Dar\u00edo Gil<\/strong><br><strong><strong>Especialista en Planificaci\u00f3n Estrat\u00e9gica<\/strong><\/strong> <strong>y DDHH<\/strong><br><\/p>\n\n\n\n<p>M\u00e1s de 20 a\u00f1os de experiencia en dise\u00f1o de programas y fortalecimiento de capacidades, liderazgo en ONG como Oxfam y Plan Internacional, con enfoque en interseccionalidad y empoderamiento comunitario. Combina Design Thinking con herramientas tecnol\u00f3gicas avanzadas para  el desarrollo organizacional.<\/p>\n\n\n\n<p><\/p>\n<\/div>\n\n\n\n<div class=\"wp-block-group is-vertical is-layout-flex wp-container-core-group-is-layout-3 wp-block-group-is-layout-flex\">\n<figure class=\"wp-block-image size-full\"><img loading=\"lazy\" decoding=\"async\" width=\"836\" height=\"836\" src=\"https:\/\/thecrossmedia.org\/wp-content\/uploads\/2025\/02\/Joan-Cropped.jpg\" alt=\"\" class=\"wp-image-244\" srcset=\"https:\/\/thecrossmedia.org\/wp-content\/uploads\/2025\/02\/Joan-Cropped.jpg 836w, https:\/\/thecrossmedia.org\/wp-content\/uploads\/2025\/02\/Joan-Cropped-300x300.jpg 300w, https:\/\/thecrossmedia.org\/wp-content\/uploads\/2025\/02\/Joan-Cropped-150x150.jpg 150w, https:\/\/thecrossmedia.org\/wp-content\/uploads\/2025\/02\/Joan-Cropped-768x768.jpg 768w, https:\/\/thecrossmedia.org\/wp-content\/uploads\/2025\/02\/Joan-Cropped-100x100.jpg 100w\" sizes=\"auto, (max-width: 767px) 89vw, (max-width: 1000px) 54vw, (max-width: 1071px) 543px, 580px\" \/><\/figure>\n\n\n\n<p><strong>Joan Moya<\/strong><br><strong><strong>Especialista en Gesti\u00f3n y Gobernanza de Datos<\/strong><\/strong><br><\/p>\n\n\n\n<p>M\u00e1s de 14 a\u00f1os de experiencia en coordinaci\u00f3n de proyectos con donantes internacionales como la UE, AECID y USAID. Dise\u00f1o y manejo de herramientas de gesti\u00f3n (PMI, Marco L\u00f3gico, KPI&#8217;s) y fortalecimiento institucional. Es un profesional con una clara orientaci\u00f3n a resultados y   gesti\u00f3n efectiva de datos.<\/p>\n\n\n\n<p><\/p>\n<\/div>\n\n\n\n<div class=\"wp-block-group is-vertical is-layout-flex wp-container-core-group-is-layout-4 wp-block-group-is-layout-flex\">\n<figure class=\"wp-block-image size-full\"><img loading=\"lazy\" decoding=\"async\" width=\"836\" height=\"836\" src=\"https:\/\/thecrossmedia.org\/wp-content\/uploads\/2025\/02\/Alexandra-Cropped.jpg\" alt=\"\" class=\"wp-image-245\" srcset=\"https:\/\/thecrossmedia.org\/wp-content\/uploads\/2025\/02\/Alexandra-Cropped.jpg 836w, https:\/\/thecrossmedia.org\/wp-content\/uploads\/2025\/02\/Alexandra-Cropped-300x300.jpg 300w, https:\/\/thecrossmedia.org\/wp-content\/uploads\/2025\/02\/Alexandra-Cropped-150x150.jpg 150w, https:\/\/thecrossmedia.org\/wp-content\/uploads\/2025\/02\/Alexandra-Cropped-768x768.jpg 768w, https:\/\/thecrossmedia.org\/wp-content\/uploads\/2025\/02\/Alexandra-Cropped-100x100.jpg 100w\" sizes=\"auto, (max-width: 767px) 89vw, (max-width: 1000px) 54vw, (max-width: 1071px) 543px, 580px\" \/><\/figure>\n\n\n\n<p><strong>Alexandra Hiraldo<\/strong><br><strong><strong>Especialista en Fortalecimiento Institucional<\/strong><\/strong><br><\/p>\n\n\n\n<p>Amplios conocimientos en coordinaci\u00f3n de proyectos, formaci\u00f3n e investigaci\u00f3n en instituciones como la Organizaci\u00f3n de Estados Americanos (OEA) y el Centro Cultural Poveda. Es licenciada en Derecho, con M\u00e1ster en Relaciones Internacionales, Estudios Latinoamericanos y Acci\u00f3n Pol\u00edtica. <\/p>\n\n\n\n<p><\/p>\n<\/div>\n\n\n\n<div class=\"wp-block-group is-vertical is-layout-flex wp-container-core-group-is-layout-5 wp-block-group-is-layout-flex\">\n<figure class=\"wp-block-image size-full\"><img loading=\"lazy\" decoding=\"async\" width=\"836\" height=\"836\" src=\"https:\/\/thecrossmedia.org\/wp-content\/uploads\/2025\/02\/Marlene-Cropped.jpg\" alt=\"\" class=\"wp-image-246\" srcset=\"https:\/\/thecrossmedia.org\/wp-content\/uploads\/2025\/02\/Marlene-Cropped.jpg 836w, https:\/\/thecrossmedia.org\/wp-content\/uploads\/2025\/02\/Marlene-Cropped-300x300.jpg 300w, https:\/\/thecrossmedia.org\/wp-content\/uploads\/2025\/02\/Marlene-Cropped-150x150.jpg 150w, https:\/\/thecrossmedia.org\/wp-content\/uploads\/2025\/02\/Marlene-Cropped-768x768.jpg 768w, https:\/\/thecrossmedia.org\/wp-content\/uploads\/2025\/02\/Marlene-Cropped-100x100.jpg 100w\" sizes=\"auto, (max-width: 767px) 89vw, (max-width: 1000px) 54vw, (max-width: 1071px) 543px, 580px\" \/><\/figure>\n\n\n\n<p><strong>Ana Marlene Mieses<\/strong><br><strong><strong>Especialista en Gesti\u00f3n de Proyectos Sociales<\/strong><\/strong><br><\/p>\n\n\n\n<p>Amplia experiencia en fortalecimiento de capacidades t\u00e9cnicas y organizacionales, con un enfoque destacado en equidad de g\u00e9nero e inclusi\u00f3n social. Su hoja de vida incluye ejecuci\u00f3n de proyectos sobre inclusi\u00f3n socioecon\u00f3mica de poblaciones vulnerabilizadas, especialmente mujeres.<\/p>\n\n\n\n<p><\/p>\n<\/div>\n<\/div>\n\n\n\n<p><\/p>\n","protected":false},"excerpt":{"rendered":"<p>Johnny M. Bid\u00f3 de los SantosGerente General Especialista en C4D y DDHH M\u00e1s de 25 a\u00f1os de experiencia profesional. Es un estratega en comunicaci\u00f3n para el desarrollo, gerencia publicitaria, derechos humanos, derecho internacional humanitario, gesti\u00f3n de proyectos sociales, protecci\u00f3n de la ni\u00f1ez y adolescencia, articulaci\u00f3n multisectorial e incidencia en pol\u00edticas p\u00fablicas. Dar\u00edo GilEspecialista en Planificaci\u00f3n &hellip; <\/p>\n<p class=\"link-more\"><a href=\"https:\/\/thecrossmedia.org\/?page_id=240\" class=\"more-link\">Continue reading<span class=\"screen-reader-text\"> &#8220;Nuestro equipo&#8221;<\/span><\/a><\/p>\n","protected":false},"author":1,"featured_media":0,"parent":0,"menu_order":0,"comment_status":"closed","ping_status":"closed","template":"","meta":{"footnotes":""},"class_list":["post-240","page","type-page","status-publish","hentry"],"_links":{"self":[{"href":"https:\/\/thecrossmedia.org\/index.php?rest_route=\/wp\/v2\/pages\/240","targetHints":{"allow":["GET"]}}],"collection":[{"href":"https:\/\/thecrossmedia.org\/index.php?rest_route=\/wp\/v2\/pages"}],"about":[{"href":"https:\/\/thecrossmedia.org\/index.php?rest_route=\/wp\/v2\/types\/page"}],"author":[{"embeddable":true,"href":"https:\/\/thecrossmedia.org\/index.php?rest_route=\/wp\/v2\/users\/1"}],"replies":[{"embeddable":true,"href":"https:\/\/thecrossmedia.org\/index.php?rest_route=%2Fwp%2Fv2%2Fcomments&post=240"}],"version-history":[{"count":3,"href":"https:\/\/thecrossmedia.org\/index.php?rest_route=\/wp\/v2\/pages\/240\/revisions"}],"predecessor-version":[{"id":263,"href":"https:\/\/thecrossmedia.org\/index.php?rest_route=\/wp\/v2\/pages\/240\/revisions\/263"}],"wp:attachment":[{"href":"https:\/\/thecrossmedia.org\/index.php?rest_route=%2Fwp%2Fv2%2Fmedia&parent=240"}],"curies":[{"name":"wp","href":"https:\/\/api.w.org\/{rel}","templated":true}]}}